{"id":6,"date":"2021-03-05T10:37:21","date_gmt":"2021-03-05T09:37:21","guid":{"rendered":"https:\/\/www.scorpia.studio\/?page_id=6"},"modified":"2024-11-11T12:05:41","modified_gmt":"2024-11-11T11:05:41","slug":"scorpia-studio","status":"publish","type":"page","link":"https:\/\/www.scorpia.studio\/","title":{"rendered":"Scorpia Studio"},"content":{"rendered":"\t\t<div data-elementor-type=\"wp-page\" data-elementor-id=\"6\" class=\"elementor elementor-6\" data-elementor-settings=\"[]\">\n\t\t\t\t\t\t\t<div class=\"elementor-section-wrap\">\n\t\t\t\t\t\t\t<section class=\"elementor-section elementor-top-section elementor-element elementor-element-291a771 elementor-section-boxed elementor-section-height-default elementor-section-height-default\" data-id=\"291a771\" data-element_type=\"section\">\n\t\t\t\t\t\t<div class=\"elementor-container elementor-column-gap-default\">\n\t\t\t\t\t<div class=\"elementor-column elementor-col-100 elementor-top-column elementor-element elementor-element-2cd10e2\" data-id=\"2cd10e2\" data-element_type=\"column\">\n\t\t\t<div class=\"elementor-widget-wrap elementor-element-populated\">\n\t\t\t\t\t\t\t\t<div class=\"elementor-element elementor-element-7cbfcb5 elementor-widget elementor-widget-spacer\" data-id=\"7cbfcb5\" data-element_type=\"widget\" data-widget_type=\"spacer.default\">\n\t\t\t\t<div class=\"elementor-widget-container\">\n\t\t\t\t\t<div class=\"elementor-spacer\">\n\t\t\t<div class=\"elementor-spacer-inner\"><\/div>\n\t\t<\/div>\n\t\t\t\t<\/div>\n\t\t\t\t<\/div>\n\t\t\t\t\t<\/div>\n\t\t<\/div>\n\t\t\t\t\t\t\t<\/div>\n\t\t<\/section>\n\t\t\t\t<section class=\"elementor-section elementor-top-section elementor-element elementor-element-5e733b6 elementor-section-boxed elementor-section-height-default elementor-section-height-default\" data-id=\"5e733b6\" data-element_type=\"section\">\n\t\t\t\t\t\t<div class=\"elementor-container elementor-column-gap-default\">\n\t\t\t\t\t<div class=\"elementor-column elementor-col-16 elementor-top-column elementor-element elementor-element-162dbdf\" data-id=\"162dbdf\" data-element_type=\"column\">\n\t\t\t<div class=\"elementor-widget-wrap\">\n\t\t\t\t\t\t\t\t\t<\/div>\n\t\t<\/div>\n\t\t\t\t<div class=\"elementor-column elementor-col-66 elementor-top-column elementor-element elementor-element-ea338c7\" data-id=\"ea338c7\" data-element_type=\"column\">\n\t\t\t<div class=\"elementor-widget-wrap elementor-element-populated\">\n\t\t\t\t\t\t\t\t<div class=\"elementor-element elementor-element-d6ff8df elementor-widget elementor-widget-image\" data-id=\"d6ff8df\" data-element_type=\"widget\" data-widget_type=\"image.default\">\n\t\t\t\t<div class=\"elementor-widget-container\">\n\t\t\t\t\t\t\t\t\t\t\t\t\t\t\t<img decoding=\"async\" width=\"1425\" height=\"666\" src=\"https:\/\/www.scorpia.studio\/wp-content\/uploads\/2021\/09\/Logo-mit-Text-richtig.png\" class=\"attachment-full size-full\" alt=\"Basic Line 2022\" loading=\"lazy\" srcset=\"https:\/\/www.scorpia.studio\/wp-content\/uploads\/2021\/09\/Logo-mit-Text-richtig.png 1425w, https:\/\/www.scorpia.studio\/wp-content\/uploads\/2021\/09\/Logo-mit-Text-richtig-300x140.png 300w, https:\/\/www.scorpia.studio\/wp-content\/uploads\/2021\/09\/Logo-mit-Text-richtig-1024x479.png 1024w, https:\/\/www.scorpia.studio\/wp-content\/uploads\/2021\/09\/Logo-mit-Text-richtig-768x359.png 768w\" sizes=\"(max-width: 1425px) 100vw, 1425px\" \/>\t\t\t\t\t\t\t\t\t\t\t\t\t\t\t<\/div>\n\t\t\t\t<\/div>\n\t\t\t\t\t<\/div>\n\t\t<\/div>\n\t\t\t\t<div class=\"elementor-column elementor-col-16 elementor-top-column elementor-element elementor-element-ea3d21c\" data-id=\"ea3d21c\" data-element_type=\"column\">\n\t\t\t<div class=\"elementor-widget-wrap\">\n\t\t\t\t\t\t\t\t\t<\/div>\n\t\t<\/div>\n\t\t\t\t\t\t\t<\/div>\n\t\t<\/section>\n\t\t\t\t<section class=\"elementor-section elementor-top-section elementor-element elementor-element-a09177d elementor-section-boxed elementor-section-height-default elementor-section-height-default\" data-id=\"a09177d\" data-element_type=\"section\">\n\t\t\t\t\t\t<div class=\"elementor-container elementor-column-gap-default\">\n\t\t\t\t\t<div class=\"elementor-column elementor-col-100 elementor-top-column elementor-element elementor-element-70a3729\" data-id=\"70a3729\" data-element_type=\"column\">\n\t\t\t<div class=\"elementor-widget-wrap elementor-element-populated\">\n\t\t\t\t\t\t\t\t<div class=\"elementor-element elementor-element-f90940d elementor-widget elementor-widget-spacer\" data-id=\"f90940d\" data-element_type=\"widget\" data-widget_type=\"spacer.default\">\n\t\t\t\t<div class=\"elementor-widget-container\">\n\t\t\t\t\t<div class=\"elementor-spacer\">\n\t\t\t<div class=\"elementor-spacer-inner\"><\/div>\n\t\t<\/div>\n\t\t\t\t<\/div>\n\t\t\t\t<\/div>\n\t\t\t\t\t<\/div>\n\t\t<\/div>\n\t\t\t\t\t\t\t<\/div>\n\t\t<\/section>\n\t\t\t\t<section class=\"elementor-section elementor-top-section elementor-element elementor-element-4226e61 elementor-section-boxed elementor-section-height-default elementor-section-height-default\" data-id=\"4226e61\" data-element_type=\"section\">\n\t\t\t\t\t\t<div class=\"elementor-container elementor-column-gap-default\">\n\t\t\t\t\t<div class=\"elementor-column elementor-col-100 elementor-top-column elementor-element elementor-element-68394aa\" data-id=\"68394aa\" data-element_type=\"column\">\n\t\t\t<div class=\"elementor-widget-wrap elementor-element-populated\">\n\t\t\t\t\t\t\t\t<div class=\"elementor-element elementor-element-8622df8 elementor-widget elementor-widget-text-editor\" data-id=\"8622df8\" data-element_type=\"widget\" data-widget_type=\"text-editor.default\">\n\t\t\t\t<div class=\"elementor-widget-container\">\n\t\t\t\t\t\t\t<p style=\"padding-left: 40px; text-align: right;\"><strong>WER SIND WIR DENN \u00dcBERHAUPT?!<\/strong><\/p><p style=\"padding-left: 40px; text-align: right;\">Scorpia Studio ist ein kleines <strong>Modelabel aus Stuttgart<\/strong>. Wir gestalten limitierte Kollektionen. Unser Ziel ist es, den <em><strong>k\u00fcnstlerischen Aspekt des freien Gestaltens mit Mode in Verbindung zu bringen<\/strong><\/em>. Die Veredelung der Textilien, sowie die Perfektionierung der Designs <strong>erfolgen in Stuttgart und sind reine Handarbeit<\/strong>. Unsere Kollektionen sind als Gegensatz zu den Massenkollektionen der gro\u00dfen Fast-Fashion Ketten zu sehen. So erscheinen Kollektionen in keinem regelm\u00e4\u00dfigem Abstand, sondern nur dann, wenn es unsere Kreativit\u00e4t zul\u00e4sst.\u00a0<\/p><p style=\"padding-left: 40px; text-align: right;\"><strong>WIE ENTSTEHT EINE VOLLST\u00c4NDIGE KOLLEKTION?<\/strong><\/p><p style=\"padding-left: 40px; text-align: right;\">Die <strong>ersten Skizzen<\/strong> eines Designs entstehen beil\u00e4ufig im Alltag. \u00dcber einen l\u00e4ngeren Zeitraum hinweg <strong>perfektionieren wir die Skizzen<\/strong> und es wird eine thematische Tendenz erkennbar. Die Richtung einer Kollektion entsteht also basierend auf mehreren willk\u00fcrlich angefertigten Skizzen, die Themen und Situationen aus dem Allt\u00e4glichen widerspiegeln. \u00a0Kristallisiert sich nun ein <strong>m\u00f6gliches \u00dcberthema<\/strong> heraus, werden <strong>weitere Designs angefertigt und perfektioniert<\/strong>. Dieser Prozess dauert am l\u00e4ngsten, da Designs einige Male angepasst und perfektioniert werden. Dann werden passend zu dem Thema der Kollektion <strong>Textilien getestet und herausgesucht<\/strong>. So kann es sein, dass eine Kollektion auch nur aus 4 Teilen besteht, wenn das Design so besser zur Geltung kommt. Das Resultat ist eine Kollektion, die <strong>zu 100% unseren Vorstellungen entspricht<\/strong>.<\/p>\t\t\t\t\t\t<\/div>\n\t\t\t\t<\/div>\n\t\t\t\t\t<\/div>\n\t\t<\/div>\n\t\t\t\t\t\t\t<\/div>\n\t\t<\/section>\n\t\t\t\t<section class=\"elementor-section elementor-top-section elementor-element elementor-element-7c4a593 elementor-section-boxed elementor-section-height-default elementor-section-height-default\" data-id=\"7c4a593\" data-element_type=\"section\">\n\t\t\t\t\t\t<div class=\"elementor-container elementor-column-gap-default\">\n\t\t\t\t\t<div class=\"elementor-column elementor-col-100 elementor-top-column elementor-element elementor-element-9818107\" data-id=\"9818107\" data-element_type=\"column\">\n\t\t\t<div class=\"elementor-widget-wrap elementor-element-populated\">\n\t\t\t\t\t\t\t\t<div class=\"elementor-element elementor-element-43fa60c elementor-widget elementor-widget-spacer\" data-id=\"43fa60c\" data-element_type=\"widget\" data-widget_type=\"spacer.default\">\n\t\t\t\t<div class=\"elementor-widget-container\">\n\t\t\t\t\t<div class=\"elementor-spacer\">\n\t\t\t<div class=\"elementor-spacer-inner\"><\/div>\n\t\t<\/div>\n\t\t\t\t<\/div>\n\t\t\t\t<\/div>\n\t\t\t\t\t<\/div>\n\t\t<\/div>\n\t\t\t\t\t\t\t<\/div>\n\t\t<\/section>\n\t\t\t\t<section class=\"elementor-section elementor-top-section elementor-element elementor-element-ac18ea8 elementor-section-boxed elementor-section-height-default elementor-section-height-default\" data-id=\"ac18ea8\" data-element_type=\"section\">\n\t\t\t\t\t\t<div class=\"elementor-container elementor-column-gap-default\">\n\t\t\t\t\t<div class=\"elementor-column elementor-col-33 elementor-top-column elementor-element elementor-element-a909608\" data-id=\"a909608\" data-element_type=\"column\">\n\t\t\t<div class=\"elementor-widget-wrap\">\n\t\t\t\t\t\t\t\t\t<\/div>\n\t\t<\/div>\n\t\t\t\t<div class=\"elementor-column elementor-col-33 elementor-top-column elementor-element elementor-element-07c988c\" data-id=\"07c988c\" data-element_type=\"column\">\n\t\t\t<div class=\"elementor-widget-wrap elementor-element-populated\">\n\t\t\t\t\t\t\t\t<div class=\"elementor-element elementor-element-6528efa elementor-align-center elementor-widget elementor-widget-button\" data-id=\"6528efa\" data-element_type=\"widget\" data-widget_type=\"button.default\">\n\t\t\t\t<div class=\"elementor-widget-container\">\n\t\t\t\t\t<div class=\"elementor-button-wrapper\">\n\t\t\t<a href=\"https:\/\/www.scorpia.studio\/?page_id=150\" class=\"elementor-button-link elementor-button elementor-size-sm\" role=\"button\">\n\t\t\t\t\t\t<span class=\"elementor-button-content-wrapper\">\n\t\t\t\t\t\t<span class=\"elementor-button-text\">Collections<\/span>\n\t\t<\/span>\n\t\t\t\t\t<\/a>\n\t\t<\/div>\n\t\t\t\t<\/div>\n\t\t\t\t<\/div>\n\t\t\t\t\t<\/div>\n\t\t<\/div>\n\t\t\t\t<div class=\"elementor-column elementor-col-33 elementor-top-column elementor-element elementor-element-a788314\" data-id=\"a788314\" data-element_type=\"column\">\n\t\t\t<div class=\"elementor-widget-wrap\">\n\t\t\t\t\t\t\t\t\t<\/div>\n\t\t<\/div>\n\t\t\t\t\t\t\t<\/div>\n\t\t<\/section>\n\t\t\t\t<section class=\"elementor-section elementor-top-section elementor-element elementor-element-60e0db7 elementor-section-boxed elementor-section-height-default elementor-section-height-default\" data-id=\"60e0db7\" data-element_type=\"section\">\n\t\t\t\t\t\t<div class=\"elementor-container elementor-column-gap-default\">\n\t\t\t\t\t<div class=\"elementor-column elementor-col-100 elementor-top-column elementor-element elementor-element-cc5489a\" data-id=\"cc5489a\" data-element_type=\"column\">\n\t\t\t<div class=\"elementor-widget-wrap elementor-element-populated\">\n\t\t\t\t\t\t\t\t<div class=\"elementor-element elementor-element-26cd828 elementor-widget elementor-widget-spacer\" data-id=\"26cd828\" data-element_type=\"widget\" data-widget_type=\"spacer.default\">\n\t\t\t\t<div class=\"elementor-widget-container\">\n\t\t\t\t\t<div class=\"elementor-spacer\">\n\t\t\t<div class=\"elementor-spacer-inner\"><\/div>\n\t\t<\/div>\n\t\t\t\t<\/div>\n\t\t\t\t<\/div>\n\t\t\t\t\t<\/div>\n\t\t<\/div>\n\t\t\t\t\t\t\t<\/div>\n\t\t<\/section>\n\t\t\t\t<section class=\"elementor-section elementor-top-section elementor-element elementor-element-1cb82e6 elementor-section-boxed elementor-section-height-default elementor-section-height-default\" data-id=\"1cb82e6\" data-element_type=\"section\">\n\t\t\t\t\t\t<div class=\"elementor-container elementor-column-gap-default\">\n\t\t\t\t\t<div class=\"elementor-column elementor-col-100 elementor-top-column elementor-element elementor-element-4ebd7da\" data-id=\"4ebd7da\" data-element_type=\"column\">\n\t\t\t<div class=\"elementor-widget-wrap elementor-element-populated\">\n\t\t\t\t\t\t\t\t<div class=\"elementor-element elementor-element-82b76ba elementor-widget-divider--view-line elementor-widget elementor-widget-divider\" data-id=\"82b76ba\" data-element_type=\"widget\" data-widget_type=\"divider.default\">\n\t\t\t\t<div class=\"elementor-widget-container\">\n\t\t\t\t\t<div class=\"elementor-divider\">\n\t\t\t<span class=\"elementor-divider-separator\">\n\t\t\t\t\t\t<\/span>\n\t\t<\/div>\n\t\t\t\t<\/div>\n\t\t\t\t<\/div>\n\t\t\t\t\t<\/div>\n\t\t<\/div>\n\t\t\t\t\t\t\t<\/div>\n\t\t<\/section>\n\t\t\t\t<section class=\"elementor-section elementor-top-section elementor-element elementor-element-4ce56b7 elementor-section-boxed elementor-section-height-default elementor-section-height-default\" data-id=\"4ce56b7\" data-element_type=\"section\">\n\t\t\t\t\t\t<div class=\"elementor-container elementor-column-gap-default\">\n\t\t\t\t\t<div class=\"elementor-column elementor-col-33 elementor-top-column elementor-element elementor-element-8ad5667\" data-id=\"8ad5667\" data-element_type=\"column\">\n\t\t\t<div class=\"elementor-widget-wrap elementor-element-populated\">\n\t\t\t\t\t\t\t\t<div class=\"elementor-element elementor-element-d53ad5c elementor-align-center elementor-widget elementor-widget-button\" data-id=\"d53ad5c\" data-element_type=\"widget\" data-widget_type=\"button.default\">\n\t\t\t\t<div class=\"elementor-widget-container\">\n\t\t\t\t\t<div class=\"elementor-button-wrapper\">\n\t\t\t<a href=\"https:\/\/www.scorpia.studio\/?page_id=91\" class=\"elementor-button-link elementor-button elementor-size-xs\" role=\"button\">\n\t\t\t\t\t\t<span class=\"elementor-button-content-wrapper\">\n\t\t\t\t\t\t<span class=\"elementor-button-text\">Impressum<\/span>\n\t\t<\/span>\n\t\t\t\t\t<\/a>\n\t\t<\/div>\n\t\t\t\t<\/div>\n\t\t\t\t<\/div>\n\t\t\t\t\t<\/div>\n\t\t<\/div>\n\t\t\t\t<div class=\"elementor-column elementor-col-33 elementor-top-column elementor-element elementor-element-7732e83\" data-id=\"7732e83\" data-element_type=\"column\">\n\t\t\t<div class=\"elementor-widget-wrap elementor-element-populated\">\n\t\t\t\t\t\t\t\t<div class=\"elementor-element elementor-element-668411d elementor-align-center elementor-widget elementor-widget-button\" data-id=\"668411d\" data-element_type=\"widget\" data-widget_type=\"button.default\">\n\t\t\t\t<div class=\"elementor-widget-container\">\n\t\t\t\t\t<div class=\"elementor-button-wrapper\">\n\t\t\t<a href=\"https:\/\/www.scorpia.studio\/?page_id=59\" class=\"elementor-button-link elementor-button elementor-size-xs\" role=\"button\">\n\t\t\t\t\t\t<span class=\"elementor-button-content-wrapper\">\n\t\t\t\t\t\t<span class=\"elementor-button-text\">Info<\/span>\n\t\t<\/span>\n\t\t\t\t\t<\/a>\n\t\t<\/div>\n\t\t\t\t<\/div>\n\t\t\t\t<\/div>\n\t\t\t\t\t<\/div>\n\t\t<\/div>\n\t\t\t\t<div class=\"elementor-column elementor-col-33 elementor-top-column elementor-element elementor-element-aeb86b5\" data-id=\"aeb86b5\" data-element_type=\"column\">\n\t\t\t<div class=\"elementor-widget-wrap elementor-element-populated\">\n\t\t\t\t\t\t\t\t<div class=\"elementor-element elementor-element-741629d elementor-align-center elementor-widget elementor-widget-button\" data-id=\"741629d\" data-element_type=\"widget\" data-widget_type=\"button.default\">\n\t\t\t\t<div class=\"elementor-widget-container\">\n\t\t\t\t\t<div class=\"elementor-button-wrapper\">\n\t\t\t<a href=\"https:\/\/www.scorpia.studio\/?page_id=583\" class=\"elementor-button-link elementor-button elementor-size-xs\" role=\"button\">\n\t\t\t\t\t\t<span class=\"elementor-button-content-wrapper\">\n\t\t\t\t\t\t<span class=\"elementor-button-text\">Datenschutzerkl\u00e4rung<\/span>\n\t\t<\/span>\n\t\t\t\t\t<\/a>\n\t\t<\/div>\n\t\t\t\t<\/div>\n\t\t\t\t<\/div>\n\t\t\t\t\t<\/div>\n\t\t<\/div>\n\t\t\t\t\t\t\t<\/div>\n\t\t<\/section>\n\t\t\t\t<section class=\"elementor-section elementor-top-section elementor-element elementor-element-9363e4d elementor-section-boxed elementor-section-height-default elementor-section-height-default\" data-id=\"9363e4d\" data-element_type=\"section\">\n\t\t\t\t\t\t<div class=\"elementor-container elementor-column-gap-default\">\n\t\t\t\t\t<div class=\"elementor-column elementor-col-33 elementor-top-column elementor-element elementor-element-ddcd60e\" data-id=\"ddcd60e\" data-element_type=\"column\">\n\t\t\t<div class=\"elementor-widget-wrap\">\n\t\t\t\t\t\t\t\t\t<\/div>\n\t\t<\/div>\n\t\t\t\t<div class=\"elementor-column elementor-col-33 elementor-top-column elementor-element elementor-element-03fe77e\" data-id=\"03fe77e\" data-element_type=\"column\">\n\t\t\t<div class=\"elementor-widget-wrap elementor-element-populated\">\n\t\t\t\t\t\t\t\t<div class=\"elementor-element elementor-element-1f44ef7 elementor-widget elementor-widget-text-editor\" data-id=\"1f44ef7\" data-element_type=\"widget\" data-widget_type=\"text-editor.default\">\n\t\t\t\t<div class=\"elementor-widget-container\">\n\t\t\t\t\t\t\t<p><strong>\u00a0Copyright &#8211; Arved Dengler<\/strong><\/p>\t\t\t\t\t\t<\/div>\n\t\t\t\t<\/div>\n\t\t\t\t\t<\/div>\n\t\t<\/div>\n\t\t\t\t<div class=\"elementor-column elementor-col-33 elementor-top-column elementor-element elementor-element-6f5a1cb\" data-id=\"6f5a1cb\" data-element_type=\"column\">\n\t\t\t<div class=\"elementor-widget-wrap\">\n\t\t\t\t\t\t\t\t\t<\/div>\n\t\t<\/div>\n\t\t\t\t\t\t\t<\/div>\n\t\t<\/section>\n\t\t\t\t\t\t<\/div>\n\t\t\t\t\t<\/div>\n\t\t","protected":false},"excerpt":{"rendered":"<p>WER SIND WIR DENN \u00dcBERHAUPT?! Scorpia Studio ist ein kleines Modelabel aus Stuttgart. Wir gestalten limitierte Kollektionen. Unser Ziel ist es, den k\u00fcnstlerischen Aspekt des freien Gestaltens mit Mode in Verbindung zu bringen. Die Veredelung der Textilien, sowie die Perfektionierung der Designs erfolgen in Stuttgart und sind reine Handarbeit. Unsere Kollektionen sind als Gegensatz zu [&hellip;]<\/p>\n","protected":false},"author":1,"featured_media":0,"parent":0,"menu_order":0,"comment_status":"closed","ping_status":"closed","template":"","meta":[],"_links":{"self":[{"href":"https:\/\/www.scorpia.studio\/index.php?rest_route=\/wp\/v2\/pages\/6"}],"collection":[{"href":"https:\/\/www.scorpia.studio\/index.php?rest_route=\/wp\/v2\/pages"}],"about":[{"href":"https:\/\/www.scorpia.studio\/index.php?rest_route=\/wp\/v2\/types\/page"}],"author":[{"embeddable":true,"href":"https:\/\/www.scorpia.studio\/index.php?rest_route=\/wp\/v2\/users\/1"}],"replies":[{"embeddable":true,"href":"https:\/\/www.scorpia.studio\/index.php?rest_route=%2Fwp%2Fv2%2Fcomments&post=6"}],"version-history":[{"count":134,"href":"https:\/\/www.scorpia.studio\/index.php?rest_route=\/wp\/v2\/pages\/6\/revisions"}],"predecessor-version":[{"id":727,"href":"https:\/\/www.scorpia.studio\/index.php?rest_route=\/wp\/v2\/pages\/6\/revisions\/727"}],"wp:attachment":[{"href":"https:\/\/www.scorpia.studio\/index.php?rest_route=%2Fwp%2Fv2%2Fmedia&parent=6"}],"curies":[{"name":"wp","href":"https:\/\/api.w.org\/{rel}","templated":true}]}}