{"id":583,"date":"2022-03-12T11:43:39","date_gmt":"2022-03-12T10:43:39","guid":{"rendered":"https:\/\/www.scorpia.studio\/?page_id=583"},"modified":"2022-03-12T11:47:31","modified_gmt":"2022-03-12T10:47:31","slug":"impressum-2","status":"publish","type":"page","link":"https:\/\/www.scorpia.studio\/?page_id=583","title":{"rendered":"Datenschutzerkl\u00e4rung"},"content":{"rendered":"\t\t<div data-elementor-type=\"wp-page\" data-elementor-id=\"583\" class=\"elementor elementor-583\" data-elementor-settings=\"[]\">\n\t\t\t\t\t\t\t<div class=\"elementor-section-wrap\">\n\t\t\t\t\t\t\t<section class=\"elementor-section elementor-top-section elementor-element elementor-element-f9750a2 elementor-section-boxed elementor-section-height-default elementor-section-height-default\" data-id=\"f9750a2\" data-element_type=\"section\">\n\t\t\t\t\t\t<div class=\"elementor-container elementor-column-gap-default\">\n\t\t\t\t\t<div class=\"elementor-column elementor-col-100 elementor-top-column elementor-element elementor-element-f9e48fb\" data-id=\"f9e48fb\" data-element_type=\"column\">\n\t\t\t<div class=\"elementor-widget-wrap elementor-element-populated\">\n\t\t\t\t\t\t\t\t<div class=\"elementor-element elementor-element-c49e15c elementor-widget elementor-widget-spacer\" data-id=\"c49e15c\" data-element_type=\"widget\" data-widget_type=\"spacer.default\">\n\t\t\t\t<div class=\"elementor-widget-container\">\n\t\t\t\t\t<div class=\"elementor-spacer\">\n\t\t\t<div class=\"elementor-spacer-inner\"><\/div>\n\t\t<\/div>\n\t\t\t\t<\/div>\n\t\t\t\t<\/div>\n\t\t\t\t\t<\/div>\n\t\t<\/div>\n\t\t\t\t\t\t\t<\/div>\n\t\t<\/section>\n\t\t\t\t<section class=\"elementor-section elementor-top-section elementor-element elementor-element-6c8cd39 elementor-section-boxed elementor-section-height-default elementor-section-height-default\" data-id=\"6c8cd39\" data-element_type=\"section\">\n\t\t\t\t\t\t<div class=\"elementor-container elementor-column-gap-default\">\n\t\t\t\t\t<div class=\"elementor-column elementor-col-100 elementor-top-column elementor-element elementor-element-ae5fa95\" data-id=\"ae5fa95\" data-element_type=\"column\">\n\t\t\t<div class=\"elementor-widget-wrap elementor-element-populated\">\n\t\t\t\t\t\t\t\t<div class=\"elementor-element elementor-element-51d197c elementor-widget elementor-widget-text-editor\" data-id=\"51d197c\" data-element_type=\"widget\" data-widget_type=\"text-editor.default\">\n\t\t\t\t<div class=\"elementor-widget-container\">\n\t\t\t\t\t\t\t<p><strong>Information gem\u00e4\u00df Art. 13 DS-GVO bei der Erhebung von personenbezogenen Daten<\/strong><\/p><p><strong>Wer wir sind<\/strong><\/p><p>Die Adresse unserer Website ist: https:\/\/www.scorpia.studio.<\/p><p><strong>Name und Kontakt des Verantwortlichen <\/strong><\/p><p>Verantwortlicher im Sinne des Art. 13 Abs. 1 lit a) DSG-VO<\/p><p>\u00a0Boris Dengler, Krapfstrasse 1, 70180 Stuttgart<\/p><p>Email: info@scorpia.studio<\/p><p><strong>Zweck und Rechtsgrundlage der Verarbeitung<\/strong><\/p><p>Zum Zweck der Bereitstellung des Webangebots auf unserer Website wird die IP-Adresse verarbeitet. Die Rechtsgrundlage hierf\u00fcr ist Art. 6 Abs. lit. a) DS-GVO.<\/p><p>Wenn Du mit uns per Brief, Email oder \u00fcber das Kontaktformular auf unserer Website in Kontakt trittst, verarbeiten wir die von Dir mitgeteilten personenbezogenen Daten (Name, Vorname, Anschrift, Telefonnummer, Email Adresse) zum Zwecke der Kontakaufnahme mit Dir. Die Rechtsgrundlage hierf\u00fchr ist Art. 6 Abs. lit. a) DS-GVO.<\/p><p><strong>Links zu Diensten Dritter<\/strong><\/p><p>Wenn wir auf unseren Websites sogenannte \u201eSocial Plugins\u201c sozialer Netzwerke wie z.B. Instagram einsetzen, binden wir diese wie folgt ein:<\/p><p>Die Social Plugins sind deaktiviert wenn Du unsere Website besuchst, d.h. es findet keine \u00dcbertragung irgendwelcher Daten an die Betreiber dieser Netzwerke statt. Falls Du eines der Netzwerke nutzen m\u00f6chtst, ist es erforderlich, dass Du auf das entsprechende Social-Plugin klicken, um eine direkte Verbindung mit dem Server des jeweiligen Netzwerks aufzubauen.<\/p><p>Falls Du bei dem Netzwerk ein Nutzerkonto hast und im Moment des Aktivierens des Social-Plugins dort eingeloggt bist, kann das Netzwerk den Besuch unserer Website Deinem Nutzerkonto zuordnen. Wenn Du dieses nicht wilst, ist es erforderlich, dass Du Dich vor Aktivierung des Social Plugins aus diesem Netzwerk ausloggen.<\/p><p>Wenn Du ein Social Plugin aktivierst, kann es sein, dass personenbezogene Daten zu Anbietern in L\u00e4ndern au\u00dferhalb des Europ\u00e4ischen Wirtschaftsraums gelangen, die aus der Sicht der Europ\u00e4ischen Union (\u201eEU\u201c) kein den EU-Standards entsprechendes \u201eangemessenes Schutzniveau\u201c f\u00fcr die Verarbeitung personenbezogener Daten gew\u00e4hrleisten. Bitte ber\u00fccksichtige dies bevor Du\u00a0 ein Social Plugin aktivierst und damit eine \u00dcbertragung Deiner Daten ausl\u00f6st.<\/p><p><strong>Speicherdauer<\/strong><\/p><p>Die IP-Adressen, die beim Aufruf unserer Website verarbeitet werden, werden nach 30 Tagen gel\u00f6scht.\u00a0<\/p><p>Im Falle eines Widerrufs werden Deine Daten unverz\u00fcglich gel\u00f6scht. Dies umfasst nicht die Daten, die wir aufgrund administrativer, rechtlicher oder sicherheitsrelevanter Notwendigkeiten aufbewahren m\u00fcssen.<\/p><p><strong>Betroffenenrechte<\/strong><\/p><p>Jeder\/Jeder Betroffene\/r hat das <strong>Recht auf Auskunft<\/strong> (Art. 15 DSGVO).<\/p><p>Sollten unrichtige personenbezogene Daten verarbeitet werden, steht Dir ein <strong>Recht auf Berichtigung<\/strong> zu (Art. 16 DSGVO).<\/p><p>Liegen die gesetzlichen Voraussetzungen vor, so kannst Du die <strong>L\u00f6schung oder Einschr\u00e4nkung der Verarbeitung<\/strong> verlangen, <strong>Widerspruch gegen die Verarbeitung<\/strong> einlegen (Art. 17, 18 und 21 DSGVO) sowie gegebenenfalls ein<strong> Recht auf Daten\u00fcbertragbarkeit<\/strong> (Art. 20 DSGVO) geltend machen.<\/p><p>Eine erteilte Einwilligung in die Verarbeitung personenbezogener Daten kann mit Wirkung f\u00fcr die Zukunft jederzeit uns gegen\u00fcber widerrufen werden. Durch den Widerruf der Einwilligung wird die Rechtm\u00e4\u00dfigkeit der aufgrund der Einwilligung bis zum Widerruf erfolgten Verrabeitung nicht ber\u00fchrt.<\/p><p>M\u00f6chtest Du von den dargestellten Rechten Gebrauch machen wollen, so sende eine Anfrage an die oben genannten Kontaktm\u00f6glichkeit.<\/p><p>Au\u00dferdem steht Dir ein Recht zur Beschwerde bei einer Aufsichtsbeh\u00f6rde gem\u00e4\u00df Art.77 DSGVO zu.<\/p><p>Der Landesbeauftragte f\u00fcr den Datenschutz und die Informationsfreiheit Baden-W\u00fcrttemberg<br \/>Postfach 10 29 32, 70025 Stuttgart<br \/>Lautenschlager Str. 20, 70173 Stuttgart<br \/>Tel.: 0711\/61 55 41 \u2013 0<br \/>Fax: 0711\/61 55 41 \u2013 15<br \/>E-Mail: <a href=\"mailto:mailto:poststelle@lfdi.bwl.de\">poststelle@lfdi.bwl.de<\/a><br \/>Website: <a href=\"http:\/\/www.baden-wuerttemberg.datenschutz.de\">http:\/\/www.baden-wuerttemberg.datenschutz.de<\/a><\/p>\t\t\t\t\t\t<\/div>\n\t\t\t\t<\/div>\n\t\t\t\t\t<\/div>\n\t\t<\/div>\n\t\t\t\t\t\t\t<\/div>\n\t\t<\/section>\n\t\t\t\t\t\t<\/div>\n\t\t\t\t\t<\/div>\n\t\t","protected":false},"excerpt":{"rendered":"<p>Information gem\u00e4\u00df Art. 13 DS-GVO bei der Erhebung von personenbezogenen Daten Wer wir sind Die Adresse unserer Website ist: https:\/\/www.scorpia.studio. Name und Kontakt des Verantwortlichen Verantwortlicher im Sinne des Art. 13 Abs. 1 lit a) DSG-VO &nbsp;Boris Dengler, Krapfstrasse 1, 70180 Stuttgart Email: info@scorpia.studio Zweck und Rechtsgrundlage der Verarbeitung Zum Zweck der Bereitstellung des Webangebots [&hellip;]<\/p>\n","protected":false},"author":1,"featured_media":0,"parent":0,"menu_order":0,"comment_status":"closed","ping_status":"closed","template":"","meta":[],"_links":{"self":[{"href":"https:\/\/www.scorpia.studio\/index.php?rest_route=\/wp\/v2\/pages\/583"}],"collection":[{"href":"https:\/\/www.scorpia.studio\/index.php?rest_route=\/wp\/v2\/pages"}],"about":[{"href":"https:\/\/www.scorpia.studio\/index.php?rest_route=\/wp\/v2\/types\/page"}],"author":[{"embeddable":true,"href":"https:\/\/www.scorpia.studio\/index.php?rest_route=\/wp\/v2\/users\/1"}],"replies":[{"embeddable":true,"href":"https:\/\/www.scorpia.studio\/index.php?rest_route=%2Fwp%2Fv2%2Fcomments&post=583"}],"version-history":[{"count":4,"href":"https:\/\/www.scorpia.studio\/index.php?rest_route=\/wp\/v2\/pages\/583\/revisions"}],"predecessor-version":[{"id":587,"href":"https:\/\/www.scorpia.studio\/index.php?rest_route=\/wp\/v2\/pages\/583\/revisions\/587"}],"wp:attachment":[{"href":"https:\/\/www.scorpia.studio\/index.php?rest_route=%2Fwp%2Fv2%2Fmedia&parent=583"}],"curies":[{"name":"wp","href":"https:\/\/api.w.org\/{rel}","templated":true}]}}